{"id":6746,"date":"2021-11-16T11:15:08","date_gmt":"2021-11-16T10:15:08","guid":{"rendered":"https:\/\/www.hotel-brunner.de\/hygiene-concept\/"},"modified":"2022-02-12T08:07:07","modified_gmt":"2022-02-12T07:07:07","slug":"hygiene-concept","status":"publish","type":"page","link":"https:\/\/www.hotel-brunner.de\/en\/hygiene-concept\/","title":{"rendered":"Hygiene concept"},"content":{"rendered":"<p><div class=\"fusion-fullwidth fullwidth-box fusion-builder-row-1 fusion-flex-container nonhundred-percent-fullwidth non-hundred-percent-height-scrolling\" style=\"--awb-border-radius-top-left:0px;--awb-border-radius-top-right:0px;--awb-border-radius-bottom-right:0px;--awb-border-radius-bottom-left:0px;--awb-flex-wrap:wrap;\" ><div class=\"fusion-builder-row fusion-row fusion-flex-align-items-flex-start fusion-flex-content-wrap\" style=\"max-width:1456px;margin-left: calc(-4% \/ 2 );margin-right: calc(-4% \/ 2 );\"><div class=\"fusion-layout-column fusion_builder_column fusion-builder-column-0 fusion_builder_column_1_1 1_1 fusion-flex-column\" style=\"--awb-bg-size:cover;--awb-width-large:100%;--awb-margin-top-large:0px;--awb-spacing-right-large:1.92%;--awb-margin-bottom-large:0px;--awb-spacing-left-large:1.92%;--awb-width-medium:100%;--awb-order-medium:0;--awb-spacing-right-medium:1.92%;--awb-spacing-left-medium:1.92%;--awb-width-small:100%;--awb-order-small:0;--awb-spacing-right-small:1.92%;--awb-spacing-left-small:1.92%;\"><div class=\"fusion-column-wrapper fusion-column-has-shadow fusion-flex-justify-content-flex-start fusion-content-layout-column\"><div class=\"elegant-dual-style-heading elegant-align-left \"><span class=\"elegant-dual-style-heading-first\" style=\"color: #ffffff;background-color: #00315d;font-size: 18px;margin-right: 0px;font-family: &#039;Quincy Bold&#039; ;font-weight: 400;\">SICHER \u00dcBERNACHTEN<\/span><span class=\"elegant-dual-style-heading-last\" style=\"color: #00315d;background-color: #ffffff;font-size: 18px;border-bottom:3px solid #00315d;font-family: &#039;Quincy Bold&#039; ;font-weight: 400;\">F\u00dcR IHRE GESUNDHEIT<\/span><\/div><\/div><\/div><div class=\"fusion-layout-column fusion_builder_column fusion-builder-column-1 fusion_builder_column_1_1 1_1 fusion-flex-column\" style=\"--awb-bg-size:cover;--awb-width-large:100%;--awb-margin-top-large:0px;--awb-spacing-right-large:1.92%;--awb-margin-bottom-large:0px;--awb-spacing-left-large:1.92%;--awb-width-medium:100%;--awb-order-medium:0;--awb-spacing-right-medium:1.92%;--awb-spacing-left-medium:1.92%;--awb-width-small:100%;--awb-order-small:0;--awb-spacing-right-small:1.92%;--awb-spacing-left-small:1.92%;\"><div class=\"fusion-column-wrapper fusion-column-has-shadow fusion-flex-justify-content-flex-start fusion-content-layout-column\"><div class=\"fusion-text fusion-text-1\" style=\"--awb-text-transform:none;\"><h2><strong>Hygiene concept<\/strong><\/h2>\n<h3><strong>General<\/strong><\/h3>\n<ol>\n<li>All employees make sure that the minimum distance of 1.5 m is kept as far as possible, be it between each other or to the guest. Guests must also keep their distance from each other, unless they are from the same household.<\/li>\n<li>The wearing of mouth\/nose protection (FFP2 from the age of 6) is compulsory in all public areas, especially in areas where guests are present.<\/li>\n<li>Persons who have coronal complaints or signs are not allowed to be our guests and must unfortunately leave us again. This also applies to the employees, they have to stay at home until recovery and with be able to test freely again after 7 days with a rapid antigen test.<\/li>\n<li>There are sufficient washing facilities with soap available, as well as the possibility of hand disinfection.<\/li>\n<li>Numerous notices are posted in the building to remind guests and employees of proper behavior. The hygiene concept is available for viewing at the reception desk.<\/li>\n<\/ol>\n<h3><strong><u>2-G Rule<\/u> &#8211; Recovered or Vaccinated<\/strong><\/h3>\n<ol start=\"6\">\n<li><strong>2-G Rule<\/strong>: Upon arrival at the hotel or for new guests at Atelier Teufelsb\u00e4ck, the staff must ask for the vaccination or convalescent status and check it against a photo ID. The convalescent status is valid for 3 months instead of the previous 6.<\/li>\n<li>Employees who are not vaccinated or recovered must test themselves each workday with a supervised self-test. The hotel provides the self-tests free of charge.<\/li>\n<li>Individuals who are unable to be vaccinated must present a negative antigen test.<\/li>\n<li>Students who are tested regularly at school may eat or stay overnight with us upon presentation of their student ID.<\/li>\n<\/ol>\n<h3><strong>Cleaning and ventilation<\/strong><\/h3>\n<ol start=\"10\">\n<li>After each guest at a table, we thoroughly disinfect it, as well as the backs of the chairs.<\/li>\n<li>We disinfect and clean the drink and food menu after each guest.<\/li>\n<li>The public rooms are always properly ventilated. If the weather permits, the doors also remain open all day. Otherwise, we ventilate every hour for a few minutes.<\/li>\n<li>The air cleaners run during the respective opening hours, unless windows can be opened.<\/li>\n<li>In the rooms, we disinfect the door handles, surfaces and shelves daily. In addition, we thoroughly clean and disinfect all this after each departure.<\/li>\n<li>At the reception, we regularly disinfect the pens, the credit card machine, the trays for check in and the counter.<\/li>\n<li>At shift handover, the desk (including all work equipment such as telephones, keyboards, computer mouse, etc.) must also be disinfected.<\/li>\n<li>In the kitchen, we clean and disinfect the utensils and work surfaces daily. We make sure that the tools, such as knives, are not exchanged with each other.<\/li>\n<li>The ventilation in the kitchen must run continuously during the time the kitchen is in operation.<\/li>\n<\/ol>\n<h3><strong>Restaurant\/Beer Garden\/Breakfast<\/strong><\/h3>\n<ol start=\"19\">\n<li>The Brunner St\u00fcberl, the Mariahilf St\u00fcberl and the Atelier Teufelsb\u00e4ck are available to our guests as breakfast rooms.<\/li>\n<li>When the guests are seated at the table, they may remove the mask.<\/li>\n<\/ol>\n<h3><strong>Breakfast buffet<\/strong><\/h3>\n<p>We have set up our normal breakfast buffet in the Allg\u00e4uer St\u00fcberl. However, in order to avoid infections, we also pay attention to compliance with the hygiene concept here. We regularly disinfect the display of the coffee machine at the breakfast buffet.<\/p>\n<ol start=\"21\">\n<li>In the buffet room there is an entrance as well as a separate exit to avoid any contact.<\/li>\n<li>We make sure that there are only 3 people in the buffet room.<\/li>\n<li>All guests must disinfect their hands before entering the buffet area.<\/li>\n<li>The coffee dispenser and milk jug are disinfected or replaced each time they are refilled. Trays are disinfected on a regular basis.<\/li>\n<\/ol>\n<p><em><strong>Hygiene concept updated on 27.01.2022<\/strong><\/em><\/p>\n<p>Constantine treasure<br \/>\n<a href=\"https:\/\/www.hotel-brunner.de\/en\/\" target=\"_blank\" rel=\"noopener\"><strong>Hotel Brunner Betriebs-GmbH<\/strong><\/a><br \/>\n<a title=\"Webseite des Atelier Teufelsb\u00e4ck\" href=\"https:\/\/atelier-teufelsbaeck.de\" target=\"_blank\" rel=\"noopener\"><strong>Atelier Teufelsb\u00e4ck<\/strong><\/a><br \/>\nBatteriegasse 3<br \/>\n92224 Amberg<\/p>\n<\/div><\/div><\/div><\/div><\/div><div class=\"fusion-fullwidth fullwidth-box fusion-builder-row-2 fusion-flex-container nonhundred-percent-fullwidth non-hundred-percent-height-scrolling\" style=\"--awb-border-radius-top-left:0px;--awb-border-radius-top-right:0px;--awb-border-radius-bottom-right:0px;--awb-border-radius-bottom-left:0px;--awb-background-color:#ffffff;--awb-flex-wrap:wrap;\" ><div class=\"fusion-builder-row fusion-row fusion-flex-align-items-flex-start fusion-flex-content-wrap\" style=\"max-width:1456px;margin-left: calc(-4% \/ 2 );margin-right: calc(-4% \/ 2 );\"><div class=\"fusion-layout-column fusion_builder_column fusion-builder-column-2 fusion_builder_column_1_1 1_1 fusion-flex-column\" style=\"--awb-bg-size:cover;--awb-width-large:100%;--awb-margin-top-large:0px;--awb-spacing-right-large:1.92%;--awb-margin-bottom-large:0px;--awb-spacing-left-large:1.92%;--awb-width-medium:100%;--awb-order-medium:0;--awb-spacing-right-medium:1.92%;--awb-spacing-left-medium:1.92%;--awb-width-small:100%;--awb-order-small:0;--awb-spacing-right-small:1.92%;--awb-spacing-left-small:1.92%;\"><div class=\"fusion-column-wrapper fusion-column-has-shadow fusion-flex-justify-content-flex-start fusion-content-layout-column\"><div class=\"fusion-separator fusion-full-width-sep\" style=\"align-self: center;margin-left: auto;margin-right: auto;margin-top:20px;margin-bottom:20px;width:100%;\"><\/div><div class=\"fusion-title title fusion-title-1 fusion-title-center fusion-title-text fusion-title-size-three\" style=\"--awb-margin-top-small:10px;--awb-margin-right-small:0px;--awb-margin-bottom-small:10px;--awb-margin-left-small:0px;\"><div class=\"title-sep-container title-sep-container-left\"><div class=\"title-sep sep-single sep-solid\" style=\"border-color:#00315d;\"><\/div><\/div><span class=\"awb-title-spacer\"><\/span><h3 class=\"fusion-title-heading title-heading-center fusion-responsive-typography-calculated\" style=\"margin:0;--fontSize:32;--minFontSize:32;line-height:1.3;\">Our partners<\/h3><span class=\"awb-title-spacer\"><\/span><div class=\"title-sep-container title-sep-container-right\"><div class=\"title-sep sep-single sep-solid\" style=\"border-color:#00315d;\"><\/div><\/div><\/div><div class=\"fusion-text fusion-text-2\" style=\"--awb-text-transform:none;\"><style>#rt-container-1005051439 .single-logo h3, #rt-container-1005051439 .single-logo h3 a {}#rt-container-1005051439 .single-logo .logo-description * {}<\/style><div class='rt-container-fluid rt-wpls rt-loading' id='rt-container-1005051439'  data-sc-id='8469' data-desktop-col='4'  data-tab-col='2'  data-mobile-col='1'><div class='rt-row carousel-layout wpls-carousel ' data-slick='{\n                        \"slidesToShow\": 4,\n                        \"slidesToShowTab\": 2,\n                        \"slidesToShowMobile\": 1,\n                        \"slidesToScroll\": 3,\n                        \"speed\": 2000,\n                        \"autoplaySpeed\": 3000,\n                        \"dots\": true,\n                        \"arrows\": true,\n                        \"infinite\": true,\n                        \"lazyLoad\": \"progressive\",\n                        \"pauseOnHover\": true,\n                        \"autoplay\": true,\n                        \"centerMode\": true,\n                        \"adaptiveHeight\": false,\n                        \"rtl\": false\n                        }' ><div class='rt-col-md-3 rt-col-sm-6 rt-col-xs-12'><div class='single-logo rt-equal-height  wls-tooltip' data-title='Dehoga Environmental Check Gold'><div class='single-logo-container'><img decoding=\"async\" title=\"Dehoga Environmental Check Gold\" src=\"data:image\/svg+xml,%3Csvg%20xmlns%3D%27http%3A%2F%2Fwww.w3.org%2F2000%2Fsvg%27%20width%3D%27150%27%20height%3D%27150%27%20viewBox%3D%270%200%20150%20150%27%3E%3Crect%20width%3D%27150%27%20height%3D%27150%27%20fill-opacity%3D%220%22%2F%3E%3C%2Fsvg%3E\" data-orig-src=\"https:\/\/www.hotel-brunner.de\/wp-content\/uploads\/2023\/06\/Logo_Umweltcheck_gold-150x91.jpg\" width=\"150\" height=\"150\" class=\"lazyload wls-logo\" alt=\"\"><\/div><\/div><\/div><div class='rt-col-md-3 rt-col-sm-6 rt-col-xs-12'><div class='single-logo rt-equal-height  wls-tooltip' data-title='Logo Winkler Brewery Amberg'><div class='single-logo-container'><img decoding=\"async\" title=\"Logo Winkler Brewery Amberg\" src=\"data:image\/svg+xml,%3Csvg%20xmlns%3D%27http%3A%2F%2Fwww.w3.org%2F2000%2Fsvg%27%20width%3D%27150%27%20height%3D%27150%27%20viewBox%3D%270%200%20150%20150%27%3E%3Crect%20width%3D%27150%27%20height%3D%27150%27%20fill-opacity%3D%220%22%2F%3E%3C%2Fsvg%3E\" data-orig-src=\"https:\/\/www.hotel-brunner.de\/wp-content\/uploads\/2022\/01\/logo-brauerei-winkler-wappen-106x150.png\" width=\"150\" height=\"150\" class=\"lazyload wls-logo\" alt=\"\"><\/div><\/div><\/div><div class='rt-col-md-3 rt-col-sm-6 rt-col-xs-12'><div class='single-logo rt-equal-height  wls-tooltip' data-title='Logo TNT Productions Amberg'><div class='single-logo-container'><img decoding=\"async\" title=\"Logo TNT Productions Amberg\" src=\"data:image\/svg+xml,%3Csvg%20xmlns%3D%27http%3A%2F%2Fwww.w3.org%2F2000%2Fsvg%27%20width%3D%27150%27%20height%3D%27150%27%20viewBox%3D%270%200%20150%20150%27%3E%3Crect%20width%3D%27150%27%20height%3D%27150%27%20fill-opacity%3D%220%22%2F%3E%3C%2Fsvg%3E\" data-orig-src=\"https:\/\/www.hotel-brunner.de\/wp-content\/uploads\/2021\/05\/tnt-productions-quadrat-150x150.jpg\" width=\"150\" height=\"150\" class=\"lazyload wls-logo\" alt=\"\"><\/div><\/div><\/div><div class='rt-col-md-3 rt-col-sm-6 rt-col-xs-12'><div class='single-logo rt-equal-height  wls-tooltip' data-title='Logo AKT Amberg'><div class='single-logo-container'><img decoding=\"async\" title=\"Logo AKT Amberg\" src=\"data:image\/svg+xml,%3Csvg%20xmlns%3D%27http%3A%2F%2Fwww.w3.org%2F2000%2Fsvg%27%20width%3D%27150%27%20height%3D%27150%27%20viewBox%3D%270%200%20150%20150%27%3E%3Crect%20width%3D%27150%27%20height%3D%27150%27%20fill-opacity%3D%220%22%2F%3E%3C%2Fsvg%3E\" data-orig-src=\"https:\/\/www.hotel-brunner.de\/wp-content\/uploads\/2021\/02\/logo-akt-200x200-1-150x150.png\" width=\"150\" height=\"150\" class=\"lazyload wls-logo\" alt=\"\"><\/div><\/div><\/div><div class='rt-col-md-3 rt-col-sm-6 rt-col-xs-12'><div class='single-logo rt-equal-height  wls-tooltip' data-title='Logo Alps Motorcycle Hotels'><div class='single-logo-container'><img decoding=\"async\" title=\"Logo Alps Motorcycle Hotels\" src=\"data:image\/svg+xml,%3Csvg%20xmlns%3D%27http%3A%2F%2Fwww.w3.org%2F2000%2Fsvg%27%20width%3D%27150%27%20height%3D%27150%27%20viewBox%3D%270%200%20150%20150%27%3E%3Crect%20width%3D%27150%27%20height%3D%27150%27%20fill-opacity%3D%220%22%2F%3E%3C%2Fsvg%3E\" data-orig-src=\"https:\/\/www.hotel-brunner.de\/wp-content\/uploads\/2021\/02\/logo-alpen-motorradhotels-200x200-1-150x150.png\" width=\"150\" height=\"150\" class=\"lazyload wls-logo\" alt=\"\"><\/div><\/div><\/div><div class='rt-col-md-3 rt-col-sm-6 rt-col-xs-12'><div class='single-logo rt-equal-height  wls-tooltip' data-title='Logo District of Amberg Sulzbach'><div class='single-logo-container'><img decoding=\"async\" title=\"Logo District of Amberg Sulzbach\" src=\"data:image\/svg+xml,%3Csvg%20xmlns%3D%27http%3A%2F%2Fwww.w3.org%2F2000%2Fsvg%27%20width%3D%27150%27%20height%3D%27150%27%20viewBox%3D%270%200%20150%20150%27%3E%3Crect%20width%3D%27150%27%20height%3D%27150%27%20fill-opacity%3D%220%22%2F%3E%3C%2Fsvg%3E\" data-orig-src=\"https:\/\/www.hotel-brunner.de\/wp-content\/uploads\/2021\/02\/logo_landkreis_amsu-150x150.jpg\" width=\"150\" height=\"150\" class=\"lazyload wls-logo\" alt=\"\"><\/div><\/div><\/div><div class='rt-col-md-3 rt-col-sm-6 rt-col-xs-12'><div class='single-logo rt-equal-height  wls-tooltip' data-title='Logo city Amberg'><div class='single-logo-container'><img decoding=\"async\" title=\"Logo city Amberg\" src=\"data:image\/svg+xml,%3Csvg%20xmlns%3D%27http%3A%2F%2Fwww.w3.org%2F2000%2Fsvg%27%20width%3D%27150%27%20height%3D%27150%27%20viewBox%3D%270%200%20150%20150%27%3E%3Crect%20width%3D%27150%27%20height%3D%27150%27%20fill-opacity%3D%220%22%2F%3E%3C%2Fsvg%3E\" data-orig-src=\"https:\/\/www.hotel-brunner.de\/wp-content\/uploads\/2021\/02\/Amberg_Logo_V_sRGB-150x142.png\" width=\"150\" height=\"150\" class=\"lazyload wls-logo\" alt=\"\"><\/div><\/div><\/div><div class='rt-col-md-3 rt-col-sm-6 rt-col-xs-12'><div class='single-logo rt-equal-height  wls-tooltip' data-title='Logo organic farm Schatz'><div class='single-logo-container'><img decoding=\"async\" title=\"Logo organic farm Schatz\" src=\"data:image\/svg+xml,%3Csvg%20xmlns%3D%27http%3A%2F%2Fwww.w3.org%2F2000%2Fsvg%27%20width%3D%27150%27%20height%3D%27150%27%20viewBox%3D%270%200%20150%20150%27%3E%3Crect%20width%3D%27150%27%20height%3D%27150%27%20fill-opacity%3D%220%22%2F%3E%3C%2Fsvg%3E\" data-orig-src=\"https:\/\/www.hotel-brunner.de\/wp-content\/uploads\/2021\/02\/Logo-Biohof-reloaded-150x150.png\" width=\"150\" height=\"150\" class=\"lazyload wls-logo\" alt=\"\"><\/div><\/div><\/div><div class='rt-col-md-3 rt-col-sm-6 rt-col-xs-12'><div class='single-logo rt-equal-height  wls-tooltip' data-title='Logo Rasso Schatz'><div class='single-logo-container'><img decoding=\"async\" title=\"Logo Rasso Schatz\" src=\"data:image\/svg+xml,%3Csvg%20xmlns%3D%27http%3A%2F%2Fwww.w3.org%2F2000%2Fsvg%27%20width%3D%27150%27%20height%3D%27150%27%20viewBox%3D%270%200%20150%20150%27%3E%3Crect%20width%3D%27150%27%20height%3D%27150%27%20fill-opacity%3D%220%22%2F%3E%3C%2Fsvg%3E\" data-orig-src=\"https:\/\/www.hotel-brunner.de\/wp-content\/uploads\/2021\/02\/logo-rasso-schatz-transparent-150x150.png\" width=\"150\" height=\"150\" class=\"lazyload wls-logo\" alt=\"\"><\/div><\/div><\/div><div class='rt-col-md-3 rt-col-sm-6 rt-col-xs-12'><div class='single-logo rt-equal-height  wls-tooltip' data-title='Logo Homemade Hotels'><div class='single-logo-container'><img decoding=\"async\" title=\"Logo Homemade Hotels\" src=\"data:image\/svg+xml,%3Csvg%20xmlns%3D%27http%3A%2F%2Fwww.w3.org%2F2000%2Fsvg%27%20width%3D%27150%27%20height%3D%27150%27%20viewBox%3D%270%200%20150%20150%27%3E%3Crect%20width%3D%27150%27%20height%3D%27150%27%20fill-opacity%3D%220%22%2F%3E%3C%2Fsvg%3E\" data-orig-src=\"https:\/\/www.hotel-brunner.de\/wp-content\/uploads\/2021\/02\/logo-homemade-hotels-transparent-150x150.png\" width=\"150\" height=\"150\" class=\"lazyload wls-logo\" alt=\"\"><\/div><\/div><\/div><div class='rt-col-md-3 rt-col-sm-6 rt-col-xs-12'><div class='single-logo rt-equal-height  wls-tooltip' data-title='Logo bed and bike'><div class='single-logo-container'><img decoding=\"async\" title=\"Logo bed and bike\" src=\"data:image\/svg+xml,%3Csvg%20xmlns%3D%27http%3A%2F%2Fwww.w3.org%2F2000%2Fsvg%27%20width%3D%27150%27%20height%3D%27150%27%20viewBox%3D%270%200%20150%20150%27%3E%3Crect%20width%3D%27150%27%20height%3D%27150%27%20fill-opacity%3D%220%22%2F%3E%3C%2Fsvg%3E\" data-orig-src=\"https:\/\/www.hotel-brunner.de\/wp-content\/uploads\/2021\/02\/logo-bett-and-bikes-transparent-150x150.png\" width=\"150\" height=\"150\" class=\"lazyload wls-logo\" alt=\"\"><\/div><\/div><\/div><div class='rt-col-md-3 rt-col-sm-6 rt-col-xs-12'><div class='single-logo rt-equal-height  wls-tooltip' data-title='Logo FOR YOU Hotels'><div class='single-logo-container'><img decoding=\"async\" title=\"Logo FOR YOU Hotels\" src=\"data:image\/svg+xml,%3Csvg%20xmlns%3D%27http%3A%2F%2Fwww.w3.org%2F2000%2Fsvg%27%20width%3D%27150%27%20height%3D%27150%27%20viewBox%3D%270%200%20150%20150%27%3E%3Crect%20width%3D%27150%27%20height%3D%27150%27%20fill-opacity%3D%220%22%2F%3E%3C%2Fsvg%3E\" data-orig-src=\"https:\/\/www.hotel-brunner.de\/wp-content\/uploads\/2021\/08\/FYH_LOGO_HOTEL-BRUNNER-150x150.png\" width=\"150\" height=\"150\" class=\"lazyload wls-logo\" alt=\"\"><\/div><\/div><\/div><div class='rt-col-md-3 rt-col-sm-6 rt-col-xs-12'><div class='single-logo rt-equal-height  wls-tooltip' data-title='Logo art in hotel'><div class='single-logo-container'><img decoding=\"async\" title=\"Logo art in hotel\" src=\"data:image\/svg+xml,%3Csvg%20xmlns%3D%27http%3A%2F%2Fwww.w3.org%2F2000%2Fsvg%27%20width%3D%27150%27%20height%3D%27150%27%20viewBox%3D%270%200%20150%20150%27%3E%3Crect%20width%3D%27150%27%20height%3D%27150%27%20fill-opacity%3D%220%22%2F%3E%3C%2Fsvg%3E\" data-orig-src=\"https:\/\/www.hotel-brunner.de\/wp-content\/uploads\/2020\/09\/kunst-im-hotel-logo-2018-klein-146x150.png\" width=\"150\" height=\"150\" class=\"lazyload wls-logo\" alt=\"\"><\/div><\/div><\/div><div class='rt-col-md-3 rt-col-sm-6 rt-col-xs-12'><div class='single-logo rt-equal-height  wls-tooltip' data-title='Logo AtelierTeufelsb\u00e4ck'><div class='single-logo-container'><img decoding=\"async\" title=\"Logo AtelierTeufelsb\u00e4ck\" src=\"data:image\/svg+xml,%3Csvg%20xmlns%3D%27http%3A%2F%2Fwww.w3.org%2F2000%2Fsvg%27%20width%3D%27150%27%20height%3D%27150%27%20viewBox%3D%270%200%20150%20150%27%3E%3Crect%20width%3D%27150%27%20height%3D%27150%27%20fill-opacity%3D%220%22%2F%3E%3C%2Fsvg%3E\" data-orig-src=\"https:\/\/www.hotel-brunner.de\/wp-content\/uploads\/2020\/09\/atelier-teufelsbaeck-logo-transparent-bunt-200x200-1-150x150.png\" width=\"150\" height=\"150\" class=\"lazyload wls-logo\" alt=\"\"><\/div><\/div><\/div><\/div><\/div>\n<\/div><\/div><\/div><\/div><\/div>\n<\/p>\n","protected":false},"excerpt":{"rendered":"","protected":false},"author":1,"featured_media":5466,"parent":0,"menu_order":0,"comment_status":"closed","ping_status":"closed","template":"","meta":{"_lmt_disableupdate":"no","_lmt_disable":"","_swpsp_post_exclude":false,"footnotes":""},"class_list":["post-6746","page","type-page","status-publish","has-post-thumbnail","hentry"],"_links":{"self":[{"href":"https:\/\/www.hotel-brunner.de\/en\/wp-json\/wp\/v2\/pages\/6746","targetHints":{"allow":["GET"]}}],"collection":[{"href":"https:\/\/www.hotel-brunner.de\/en\/wp-json\/wp\/v2\/pages"}],"about":[{"href":"https:\/\/www.hotel-brunner.de\/en\/wp-json\/wp\/v2\/types\/page"}],"author":[{"embeddable":true,"href":"https:\/\/www.hotel-brunner.de\/en\/wp-json\/wp\/v2\/users\/1"}],"replies":[{"embeddable":true,"href":"https:\/\/www.hotel-brunner.de\/en\/wp-json\/wp\/v2\/comments?post=6746"}],"version-history":[{"count":0,"href":"https:\/\/www.hotel-brunner.de\/en\/wp-json\/wp\/v2\/pages\/6746\/revisions"}],"wp:featuredmedia":[{"embeddable":true,"href":"https:\/\/www.hotel-brunner.de\/en\/wp-json\/wp\/v2\/media\/5466"}],"wp:attachment":[{"href":"https:\/\/www.hotel-brunner.de\/en\/wp-json\/wp\/v2\/media?parent=6746"}],"curies":[{"name":"wp","href":"https:\/\/api.w.org\/{rel}","templated":true}]}}